{"id":71,"date":"2025-09-28T19:52:05","date_gmt":"2025-09-28T19:52:05","guid":{"rendered":"https:\/\/holzbausticher.ch\/?page_id=71"},"modified":"2025-10-20T13:26:07","modified_gmt":"2025-10-20T13:26:07","slug":"energetische-massnahmen","status":"publish","type":"page","link":"https:\/\/holzbausticher.ch\/?page_id=71","title":{"rendered":"Energetische Massnahmen"},"content":{"rendered":"\n<figure class=\"wp-block-image size-full\"><img loading=\"lazy\" decoding=\"async\" width=\"2556\" height=\"1438\" src=\"https:\/\/holzbausticher.ch\/wp-content\/uploads\/2025\/10\/20160812_100156-scaled-e1760966677695.jpg\" alt=\"\" class=\"wp-image-301\" srcset=\"https:\/\/holzbausticher.ch\/wp-content\/uploads\/2025\/10\/20160812_100156-scaled-e1760966677695.jpg 2556w, https:\/\/holzbausticher.ch\/wp-content\/uploads\/2025\/10\/20160812_100156-scaled-e1760966677695-300x169.jpg 300w, https:\/\/holzbausticher.ch\/wp-content\/uploads\/2025\/10\/20160812_100156-scaled-e1760966677695-1024x576.jpg 1024w, https:\/\/holzbausticher.ch\/wp-content\/uploads\/2025\/10\/20160812_100156-scaled-e1760966677695-768x432.jpg 768w, https:\/\/holzbausticher.ch\/wp-content\/uploads\/2025\/10\/20160812_100156-scaled-e1760966677695-1536x864.jpg 1536w, https:\/\/holzbausticher.ch\/wp-content\/uploads\/2025\/10\/20160812_100156-scaled-e1760966677695-2048x1152.jpg 2048w\" sizes=\"auto, (max-width: 2556px) 100vw, 2556px\" \/><\/figure>\n\n\n\n<p>\u203a D\u00e4mmung Kellerbereich, Fassade, Dachstock (Estrichboden)<br>\u203a Vorabkl\u00e4rung Bundesbeitr\u00e4ge nach Geb\u00e4udeprogramm<\/p>\n\n\n\n<p><\/p>\n","protected":false},"excerpt":{"rendered":"<div class=\"entry-summary\">\n\u203a D\u00e4mmung Kellerbereich, Fassade, Dachstock (Estrichboden)\u203a Vorabkl\u00e4rung Bundesbeitr\u00e4ge nach Geb\u00e4udeprogramm\n<\/div>\n<div class=\"link-more\"><a href=\"https:\/\/holzbausticher.ch\/?page_id=71\" class=\"more-link\">Continue reading<span class=\"screen-reader-text\"> &ldquo;Energetische Massnahmen&rdquo;<\/span>&hellip;<\/a><\/div>\n","protected":false},"author":1,"featured_media":0,"parent":14,"menu_order":-5,"comment_status":"closed","ping_status":"closed","template":"","meta":{"footnotes":""},"class_list":["post-71","page","type-page","status-publish","hentry","entry"],"_links":{"self":[{"href":"https:\/\/holzbausticher.ch\/index.php?rest_route=\/wp\/v2\/pages\/71","targetHints":{"allow":["GET"]}}],"collection":[{"href":"https:\/\/holzbausticher.ch\/index.php?rest_route=\/wp\/v2\/pages"}],"about":[{"href":"https:\/\/holzbausticher.ch\/index.php?rest_route=\/wp\/v2\/types\/page"}],"author":[{"embeddable":true,"href":"https:\/\/holzbausticher.ch\/index.php?rest_route=\/wp\/v2\/users\/1"}],"replies":[{"embeddable":true,"href":"https:\/\/holzbausticher.ch\/index.php?rest_route=%2Fwp%2Fv2%2Fcomments&post=71"}],"version-history":[{"count":8,"href":"https:\/\/holzbausticher.ch\/index.php?rest_route=\/wp\/v2\/pages\/71\/revisions"}],"predecessor-version":[{"id":310,"href":"https:\/\/holzbausticher.ch\/index.php?rest_route=\/wp\/v2\/pages\/71\/revisions\/310"}],"up":[{"embeddable":true,"href":"https:\/\/holzbausticher.ch\/index.php?rest_route=\/wp\/v2\/pages\/14"}],"wp:attachment":[{"href":"https:\/\/holzbausticher.ch\/index.php?rest_route=%2Fwp%2Fv2%2Fmedia&parent=71"}],"curies":[{"name":"wp","href":"https:\/\/api.w.org\/{rel}","templated":true}]}}