{"id":11,"date":"2025-09-28T15:39:39","date_gmt":"2025-09-28T15:39:39","guid":{"rendered":"https:\/\/holzbausticher.ch\/?page_id=11"},"modified":"2025-12-22T19:58:52","modified_gmt":"2025-12-22T19:58:52","slug":"ueber-uns","status":"publish","type":"page","link":"https:\/\/holzbausticher.ch\/?page_id=11","title":{"rendered":"\u00dcber uns"},"content":{"rendered":"\n<p><\/p>\n\n\n\n<p>Wir sind ein solides, wachsendes Kleinunternehmen mit motivierten Mitarbeitern.<br>Getreu unserem Credo sind wir bestrebt, junge Leute gut auszubilden und alle Mitarbeiter stets auf dem neusten Wissenstand zu halten.<\/p>\n\n\n\n<figure data-wp-context=\"{&quot;imageId&quot;:&quot;69eb7ee0f3e39&quot;}\" data-wp-interactive=\"core\/image\" data-wp-key=\"69eb7ee0f3e39\" class=\"wp-block-image size-large wp-lightbox-container\"><img loading=\"lazy\" decoding=\"async\" width=\"1024\" height=\"576\" data-wp-class--hide=\"state.isContentHidden\" data-wp-class--show=\"state.isContentVisible\" data-wp-init=\"callbacks.setButtonStyles\" data-wp-on--click=\"actions.showLightbox\" data-wp-on--load=\"callbacks.setButtonStyles\" data-wp-on-window--resize=\"callbacks.setButtonStyles\" src=\"https:\/\/holzbausticher.ch\/wp-content\/uploads\/2025\/11\/mitarbeiter-nov-2025-1024x576.jpg\" alt=\"\" class=\"wp-image-425\" srcset=\"https:\/\/holzbausticher.ch\/wp-content\/uploads\/2025\/11\/mitarbeiter-nov-2025-1024x576.jpg 1024w, https:\/\/holzbausticher.ch\/wp-content\/uploads\/2025\/11\/mitarbeiter-nov-2025-300x169.jpg 300w, https:\/\/holzbausticher.ch\/wp-content\/uploads\/2025\/11\/mitarbeiter-nov-2025-768x432.jpg 768w, https:\/\/holzbausticher.ch\/wp-content\/uploads\/2025\/11\/mitarbeiter-nov-2025-1536x864.jpg 1536w, https:\/\/holzbausticher.ch\/wp-content\/uploads\/2025\/11\/mitarbeiter-nov-2025-2048x1152.jpg 2048w\" sizes=\"auto, (max-width: 1024px) 100vw, 1024px\" \/><button\n\t\t\tclass=\"lightbox-trigger\"\n\t\t\ttype=\"button\"\n\t\t\taria-haspopup=\"dialog\"\n\t\t\taria-label=\"Vergr\u00f6\u00dfern\"\n\t\t\tdata-wp-init=\"callbacks.initTriggerButton\"\n\t\t\tdata-wp-on--click=\"actions.showLightbox\"\n\t\t\tdata-wp-style--right=\"state.imageButtonRight\"\n\t\t\tdata-wp-style--top=\"state.imageButtonTop\"\n\t\t>\n\t\t\t<svg xmlns=\"http:\/\/www.w3.org\/2000\/svg\" width=\"12\" height=\"12\" fill=\"none\" viewBox=\"0 0 12 12\">\n\t\t\t\t<path fill=\"#fff\" d=\"M2 0a2 2 0 0 0-2 2v2h1.5V2a.5.5 0 0 1 .5-.5h2V0H2Zm2 10.5H2a.5.5 0 0 1-.5-.5V8H0v2a2 2 0 0 0 2 2h2v-1.5ZM8 12v-1.5h2a.5.5 0 0 0 .5-.5V8H12v2a2 2 0 0 1-2 2H8Zm2-12a2 2 0 0 1 2 2v2h-1.5V2a.5.5 0 0 0-.5-.5H8V0h2Z\" \/>\n\t\t\t<\/svg>\n\t\t<\/button><\/figure>\n\n\n\n<p><\/p>\n\n\n\n<figure class=\"wp-block-gallery has-nested-images columns-default is-cropped wp-block-gallery-1 is-layout-flex wp-block-gallery-is-layout-flex\">\n<figure data-wp-context=\"{&quot;imageId&quot;:&quot;69eb7ee0f417c&quot;}\" data-wp-interactive=\"core\/image\" data-wp-key=\"69eb7ee0f417c\" class=\"wp-block-image size-large wp-lightbox-container\"><img loading=\"lazy\" decoding=\"async\" width=\"575\" height=\"1024\" data-wp-class--hide=\"state.isContentHidden\" data-wp-class--show=\"state.isContentVisible\" data-wp-init=\"callbacks.setButtonStyles\" data-wp-on--click=\"actions.showLightbox\" data-wp-on--load=\"callbacks.setButtonStyles\" data-wp-on-window--resize=\"callbacks.setButtonStyles\" data-id=\"419\" src=\"https:\/\/holzbausticher.ch\/wp-content\/uploads\/2025\/11\/Armin-Sticher1-575x1024.jpg\" alt=\"\" class=\"wp-image-419\" srcset=\"https:\/\/holzbausticher.ch\/wp-content\/uploads\/2025\/11\/Armin-Sticher1-575x1024.jpg 575w, https:\/\/holzbausticher.ch\/wp-content\/uploads\/2025\/11\/Armin-Sticher1-169x300.jpg 169w, https:\/\/holzbausticher.ch\/wp-content\/uploads\/2025\/11\/Armin-Sticher1-768x1367.jpg 768w, https:\/\/holzbausticher.ch\/wp-content\/uploads\/2025\/11\/Armin-Sticher1-863x1536.jpg 863w, https:\/\/holzbausticher.ch\/wp-content\/uploads\/2025\/11\/Armin-Sticher1-1151x2048.jpg 1151w, https:\/\/holzbausticher.ch\/wp-content\/uploads\/2025\/11\/Armin-Sticher1-scaled.jpg 1439w\" sizes=\"auto, (max-width: 575px) 100vw, 575px\" \/><button\n\t\t\tclass=\"lightbox-trigger\"\n\t\t\ttype=\"button\"\n\t\t\taria-haspopup=\"dialog\"\n\t\t\taria-label=\"Vergr\u00f6\u00dfern\"\n\t\t\tdata-wp-init=\"callbacks.initTriggerButton\"\n\t\t\tdata-wp-on--click=\"actions.showLightbox\"\n\t\t\tdata-wp-style--right=\"state.imageButtonRight\"\n\t\t\tdata-wp-style--top=\"state.imageButtonTop\"\n\t\t>\n\t\t\t<svg xmlns=\"http:\/\/www.w3.org\/2000\/svg\" width=\"12\" height=\"12\" fill=\"none\" viewBox=\"0 0 12 12\">\n\t\t\t\t<path fill=\"#fff\" d=\"M2 0a2 2 0 0 0-2 2v2h1.5V2a.5.5 0 0 1 .5-.5h2V0H2Zm2 10.5H2a.5.5 0 0 1-.5-.5V8H0v2a2 2 0 0 0 2 2h2v-1.5ZM8 12v-1.5h2a.5.5 0 0 0 .5-.5V8H12v2a2 2 0 0 1-2 2H8Zm2-12a2 2 0 0 1 2 2v2h-1.5V2a.5.5 0 0 0-.5-.5H8V0h2Z\" \/>\n\t\t\t<\/svg>\n\t\t<\/button><figcaption class=\"wp-element-caption\">Armin Sticher<\/figcaption><\/figure>\n\n\n\n<figure data-wp-context=\"{&quot;imageId&quot;:&quot;69eb7ee10018d&quot;}\" data-wp-interactive=\"core\/image\" data-wp-key=\"69eb7ee10018d\" class=\"wp-block-image size-large wp-lightbox-container\"><img loading=\"lazy\" decoding=\"async\" width=\"849\" height=\"1024\" data-wp-class--hide=\"state.isContentHidden\" data-wp-class--show=\"state.isContentVisible\" data-wp-init=\"callbacks.setButtonStyles\" data-wp-on--click=\"actions.showLightbox\" data-wp-on--load=\"callbacks.setButtonStyles\" data-wp-on-window--resize=\"callbacks.setButtonStyles\" data-id=\"234\" src=\"https:\/\/holzbausticher.ch\/wp-content\/uploads\/2025\/10\/armin-neu-849x1024.jpg\" alt=\"\" class=\"wp-image-234\" srcset=\"https:\/\/holzbausticher.ch\/wp-content\/uploads\/2025\/10\/armin-neu-849x1024.jpg 849w, https:\/\/holzbausticher.ch\/wp-content\/uploads\/2025\/10\/armin-neu-249x300.jpg 249w, https:\/\/holzbausticher.ch\/wp-content\/uploads\/2025\/10\/armin-neu-768x927.jpg 768w, https:\/\/holzbausticher.ch\/wp-content\/uploads\/2025\/10\/armin-neu-1273x1536.jpg 1273w, https:\/\/holzbausticher.ch\/wp-content\/uploads\/2025\/10\/armin-neu.jpg 1287w\" sizes=\"auto, (max-width: 849px) 100vw, 849px\" \/><button\n\t\t\tclass=\"lightbox-trigger\"\n\t\t\ttype=\"button\"\n\t\t\taria-haspopup=\"dialog\"\n\t\t\taria-label=\"Vergr\u00f6\u00dfern\"\n\t\t\tdata-wp-init=\"callbacks.initTriggerButton\"\n\t\t\tdata-wp-on--click=\"actions.showLightbox\"\n\t\t\tdata-wp-style--right=\"state.imageButtonRight\"\n\t\t\tdata-wp-style--top=\"state.imageButtonTop\"\n\t\t>\n\t\t\t<svg xmlns=\"http:\/\/www.w3.org\/2000\/svg\" width=\"12\" height=\"12\" fill=\"none\" viewBox=\"0 0 12 12\">\n\t\t\t\t<path fill=\"#fff\" d=\"M2 0a2 2 0 0 0-2 2v2h1.5V2a.5.5 0 0 1 .5-.5h2V0H2Zm2 10.5H2a.5.5 0 0 1-.5-.5V8H0v2a2 2 0 0 0 2 2h2v-1.5ZM8 12v-1.5h2a.5.5 0 0 0 .5-.5V8H12v2a2 2 0 0 1-2 2H8Zm2-12a2 2 0 0 1 2 2v2h-1.5V2a.5.5 0 0 0-.5-.5H8V0h2Z\" \/>\n\t\t\t<\/svg>\n\t\t<\/button><figcaption class=\"wp-element-caption\">Armin Sticher, f\u00fchrt Holzbau Sticher mit Pr\u00e4zision, Tradition und Weitblick. Chef, Zimmermann, Ebikoner <br>durch und durch. <\/figcaption><\/figure>\n\n\n\n<figure data-wp-context=\"{&quot;imageId&quot;:&quot;69eb7ee1003ce&quot;}\" data-wp-interactive=\"core\/image\" data-wp-key=\"69eb7ee1003ce\" class=\"wp-block-image size-large wp-lightbox-container\"><img loading=\"lazy\" decoding=\"async\" width=\"576\" height=\"1024\" data-wp-class--hide=\"state.isContentHidden\" data-wp-class--show=\"state.isContentVisible\" data-wp-init=\"callbacks.setButtonStyles\" data-wp-on--click=\"actions.showLightbox\" data-wp-on--load=\"callbacks.setButtonStyles\" data-wp-on-window--resize=\"callbacks.setButtonStyles\" data-id=\"434\" src=\"https:\/\/holzbausticher.ch\/wp-content\/uploads\/2025\/11\/Patrick-Wey-1-576x1024.jpg\" alt=\"\" class=\"wp-image-434\" srcset=\"https:\/\/holzbausticher.ch\/wp-content\/uploads\/2025\/11\/Patrick-Wey-1-576x1024.jpg 576w, https:\/\/holzbausticher.ch\/wp-content\/uploads\/2025\/11\/Patrick-Wey-1-169x300.jpg 169w, https:\/\/holzbausticher.ch\/wp-content\/uploads\/2025\/11\/Patrick-Wey-1-768x1365.jpg 768w, https:\/\/holzbausticher.ch\/wp-content\/uploads\/2025\/11\/Patrick-Wey-1-864x1536.jpg 864w, https:\/\/holzbausticher.ch\/wp-content\/uploads\/2025\/11\/Patrick-Wey-1.jpg 1142w\" sizes=\"auto, (max-width: 576px) 100vw, 576px\" \/><button\n\t\t\tclass=\"lightbox-trigger\"\n\t\t\ttype=\"button\"\n\t\t\taria-haspopup=\"dialog\"\n\t\t\taria-label=\"Vergr\u00f6\u00dfern\"\n\t\t\tdata-wp-init=\"callbacks.initTriggerButton\"\n\t\t\tdata-wp-on--click=\"actions.showLightbox\"\n\t\t\tdata-wp-style--right=\"state.imageButtonRight\"\n\t\t\tdata-wp-style--top=\"state.imageButtonTop\"\n\t\t>\n\t\t\t<svg xmlns=\"http:\/\/www.w3.org\/2000\/svg\" width=\"12\" height=\"12\" fill=\"none\" viewBox=\"0 0 12 12\">\n\t\t\t\t<path fill=\"#fff\" d=\"M2 0a2 2 0 0 0-2 2v2h1.5V2a.5.5 0 0 1 .5-.5h2V0H2Zm2 10.5H2a.5.5 0 0 1-.5-.5V8H0v2a2 2 0 0 0 2 2h2v-1.5ZM8 12v-1.5h2a.5.5 0 0 0 .5-.5V8H12v2a2 2 0 0 1-2 2H8Zm2-12a2 2 0 0 1 2 2v2h-1.5V2a.5.5 0 0 0-.5-.5H8V0h2Z\" \/>\n\t\t\t<\/svg>\n\t\t<\/button><figcaption class=\"wp-element-caption\">P\u00e4dy Wey, seit 23,5 Jahren Armins Stellvertreter. <br>Einsatzbereit, zuverl\u00e4ssig, qualit\u00e4tsbewusst, Vorbild.<br>Wir sind stolz, ihn in unserem Team zu haben!<\/figcaption><\/figure>\n<\/figure>\n\n\n\n<p><\/p>\n\n\n\n<figure class=\"wp-block-gallery has-nested-images columns-default is-cropped wp-block-gallery-2 is-layout-flex wp-block-gallery-is-layout-flex\">\n<figure data-wp-context=\"{&quot;imageId&quot;:&quot;69eb7ee100af5&quot;}\" data-wp-interactive=\"core\/image\" data-wp-key=\"69eb7ee100af5\" class=\"wp-block-image size-large wp-lightbox-container\"><img loading=\"lazy\" decoding=\"async\" width=\"576\" height=\"1024\" data-wp-class--hide=\"state.isContentHidden\" data-wp-class--show=\"state.isContentVisible\" data-wp-init=\"callbacks.setButtonStyles\" data-wp-on--click=\"actions.showLightbox\" data-wp-on--load=\"callbacks.setButtonStyles\" data-wp-on-window--resize=\"callbacks.setButtonStyles\" data-id=\"424\" src=\"https:\/\/holzbausticher.ch\/wp-content\/uploads\/2025\/11\/Jozsef-Bartha-576x1024.jpg\" alt=\"\" class=\"wp-image-424\" srcset=\"https:\/\/holzbausticher.ch\/wp-content\/uploads\/2025\/11\/Jozsef-Bartha-576x1024.jpg 576w, https:\/\/holzbausticher.ch\/wp-content\/uploads\/2025\/11\/Jozsef-Bartha-169x300.jpg 169w, https:\/\/holzbausticher.ch\/wp-content\/uploads\/2025\/11\/Jozsef-Bartha-768x1365.jpg 768w, https:\/\/holzbausticher.ch\/wp-content\/uploads\/2025\/11\/Jozsef-Bartha-864x1536.jpg 864w, https:\/\/holzbausticher.ch\/wp-content\/uploads\/2025\/11\/Jozsef-Bartha-1152x2048.jpg 1152w, https:\/\/holzbausticher.ch\/wp-content\/uploads\/2025\/11\/Jozsef-Bartha.jpg 1227w\" sizes=\"auto, (max-width: 576px) 100vw, 576px\" \/><button\n\t\t\tclass=\"lightbox-trigger\"\n\t\t\ttype=\"button\"\n\t\t\taria-haspopup=\"dialog\"\n\t\t\taria-label=\"Vergr\u00f6\u00dfern\"\n\t\t\tdata-wp-init=\"callbacks.initTriggerButton\"\n\t\t\tdata-wp-on--click=\"actions.showLightbox\"\n\t\t\tdata-wp-style--right=\"state.imageButtonRight\"\n\t\t\tdata-wp-style--top=\"state.imageButtonTop\"\n\t\t>\n\t\t\t<svg xmlns=\"http:\/\/www.w3.org\/2000\/svg\" width=\"12\" height=\"12\" fill=\"none\" viewBox=\"0 0 12 12\">\n\t\t\t\t<path fill=\"#fff\" d=\"M2 0a2 2 0 0 0-2 2v2h1.5V2a.5.5 0 0 1 .5-.5h2V0H2Zm2 10.5H2a.5.5 0 0 1-.5-.5V8H0v2a2 2 0 0 0 2 2h2v-1.5ZM8 12v-1.5h2a.5.5 0 0 0 .5-.5V8H12v2a2 2 0 0 1-2 2H8Zm2-12a2 2 0 0 1 2 2v2h-1.5V2a.5.5 0 0 0-.5-.5H8V0h2Z\" \/>\n\t\t\t<\/svg>\n\t\t<\/button><figcaption class=\"wp-element-caption\">Jozsef B.<\/figcaption><\/figure>\n\n\n\n<figure data-wp-context=\"{&quot;imageId&quot;:&quot;69eb7ee100d56&quot;}\" data-wp-interactive=\"core\/image\" data-wp-key=\"69eb7ee100d56\" class=\"wp-block-image size-large wp-lightbox-container\"><img loading=\"lazy\" decoding=\"async\" width=\"576\" height=\"1024\" data-wp-class--hide=\"state.isContentHidden\" data-wp-class--show=\"state.isContentVisible\" data-wp-init=\"callbacks.setButtonStyles\" data-wp-on--click=\"actions.showLightbox\" data-wp-on--load=\"callbacks.setButtonStyles\" data-wp-on-window--resize=\"callbacks.setButtonStyles\" data-id=\"423\" src=\"https:\/\/holzbausticher.ch\/wp-content\/uploads\/2025\/11\/Ghenadie-Bezerdean-576x1024.jpg\" alt=\"\" class=\"wp-image-423\" srcset=\"https:\/\/holzbausticher.ch\/wp-content\/uploads\/2025\/11\/Ghenadie-Bezerdean-576x1024.jpg 576w, https:\/\/holzbausticher.ch\/wp-content\/uploads\/2025\/11\/Ghenadie-Bezerdean-169x300.jpg 169w, https:\/\/holzbausticher.ch\/wp-content\/uploads\/2025\/11\/Ghenadie-Bezerdean-768x1365.jpg 768w, https:\/\/holzbausticher.ch\/wp-content\/uploads\/2025\/11\/Ghenadie-Bezerdean-864x1536.jpg 864w, https:\/\/holzbausticher.ch\/wp-content\/uploads\/2025\/11\/Ghenadie-Bezerdean-1152x2048.jpg 1152w, https:\/\/holzbausticher.ch\/wp-content\/uploads\/2025\/11\/Ghenadie-Bezerdean.jpg 1191w\" sizes=\"auto, (max-width: 576px) 100vw, 576px\" \/><button\n\t\t\tclass=\"lightbox-trigger\"\n\t\t\ttype=\"button\"\n\t\t\taria-haspopup=\"dialog\"\n\t\t\taria-label=\"Vergr\u00f6\u00dfern\"\n\t\t\tdata-wp-init=\"callbacks.initTriggerButton\"\n\t\t\tdata-wp-on--click=\"actions.showLightbox\"\n\t\t\tdata-wp-style--right=\"state.imageButtonRight\"\n\t\t\tdata-wp-style--top=\"state.imageButtonTop\"\n\t\t>\n\t\t\t<svg xmlns=\"http:\/\/www.w3.org\/2000\/svg\" width=\"12\" height=\"12\" fill=\"none\" viewBox=\"0 0 12 12\">\n\t\t\t\t<path fill=\"#fff\" d=\"M2 0a2 2 0 0 0-2 2v2h1.5V2a.5.5 0 0 1 .5-.5h2V0H2Zm2 10.5H2a.5.5 0 0 1-.5-.5V8H0v2a2 2 0 0 0 2 2h2v-1.5ZM8 12v-1.5h2a.5.5 0 0 0 .5-.5V8H12v2a2 2 0 0 1-2 2H8Zm2-12a2 2 0 0 1 2 2v2h-1.5V2a.5.5 0 0 0-.5-.5H8V0h2Z\" \/>\n\t\t\t<\/svg>\n\t\t<\/button><figcaption class=\"wp-element-caption\">Ghenadie B.<\/figcaption><\/figure>\n\n\n\n<figure data-wp-context=\"{&quot;imageId&quot;:&quot;69eb7ee100fa8&quot;}\" data-wp-interactive=\"core\/image\" data-wp-key=\"69eb7ee100fa8\" class=\"wp-block-image size-large wp-lightbox-container\"><img loading=\"lazy\" decoding=\"async\" width=\"576\" height=\"1024\" data-wp-class--hide=\"state.isContentHidden\" data-wp-class--show=\"state.isContentVisible\" data-wp-init=\"callbacks.setButtonStyles\" data-wp-on--click=\"actions.showLightbox\" data-wp-on--load=\"callbacks.setButtonStyles\" data-wp-on-window--resize=\"callbacks.setButtonStyles\" data-id=\"422\" src=\"https:\/\/holzbausticher.ch\/wp-content\/uploads\/2025\/11\/Flo-Arber-576x1024.jpg\" alt=\"\" class=\"wp-image-422\" srcset=\"https:\/\/holzbausticher.ch\/wp-content\/uploads\/2025\/11\/Flo-Arber-576x1024.jpg 576w, https:\/\/holzbausticher.ch\/wp-content\/uploads\/2025\/11\/Flo-Arber-169x300.jpg 169w, https:\/\/holzbausticher.ch\/wp-content\/uploads\/2025\/11\/Flo-Arber-768x1365.jpg 768w, https:\/\/holzbausticher.ch\/wp-content\/uploads\/2025\/11\/Flo-Arber-864x1536.jpg 864w, https:\/\/holzbausticher.ch\/wp-content\/uploads\/2025\/11\/Flo-Arber-1152x2048.jpg 1152w, https:\/\/holzbausticher.ch\/wp-content\/uploads\/2025\/11\/Flo-Arber-scaled.jpg 1440w\" sizes=\"auto, (max-width: 576px) 100vw, 576px\" \/><button\n\t\t\tclass=\"lightbox-trigger\"\n\t\t\ttype=\"button\"\n\t\t\taria-haspopup=\"dialog\"\n\t\t\taria-label=\"Vergr\u00f6\u00dfern\"\n\t\t\tdata-wp-init=\"callbacks.initTriggerButton\"\n\t\t\tdata-wp-on--click=\"actions.showLightbox\"\n\t\t\tdata-wp-style--right=\"state.imageButtonRight\"\n\t\t\tdata-wp-style--top=\"state.imageButtonTop\"\n\t\t>\n\t\t\t<svg xmlns=\"http:\/\/www.w3.org\/2000\/svg\" width=\"12\" height=\"12\" fill=\"none\" viewBox=\"0 0 12 12\">\n\t\t\t\t<path fill=\"#fff\" d=\"M2 0a2 2 0 0 0-2 2v2h1.5V2a.5.5 0 0 1 .5-.5h2V0H2Zm2 10.5H2a.5.5 0 0 1-.5-.5V8H0v2a2 2 0 0 0 2 2h2v-1.5ZM8 12v-1.5h2a.5.5 0 0 0 .5-.5V8H12v2a2 2 0 0 1-2 2H8Zm2-12a2 2 0 0 1 2 2v2h-1.5V2a.5.5 0 0 0-.5-.5H8V0h2Z\" \/>\n\t\t\t<\/svg>\n\t\t<\/button><figcaption class=\"wp-element-caption\">Flo A.<\/figcaption><\/figure>\n\n\n\n<figure data-wp-context=\"{&quot;imageId&quot;:&quot;69eb7ee1011e2&quot;}\" data-wp-interactive=\"core\/image\" data-wp-key=\"69eb7ee1011e2\" class=\"wp-block-image size-large wp-lightbox-container\"><img loading=\"lazy\" decoding=\"async\" width=\"576\" height=\"1024\" data-wp-class--hide=\"state.isContentHidden\" data-wp-class--show=\"state.isContentVisible\" data-wp-init=\"callbacks.setButtonStyles\" data-wp-on--click=\"actions.showLightbox\" data-wp-on--load=\"callbacks.setButtonStyles\" data-wp-on-window--resize=\"callbacks.setButtonStyles\" data-id=\"421\" src=\"https:\/\/holzbausticher.ch\/wp-content\/uploads\/2025\/11\/Elias-Schelkle-576x1024.jpg\" alt=\"\" class=\"wp-image-421\" srcset=\"https:\/\/holzbausticher.ch\/wp-content\/uploads\/2025\/11\/Elias-Schelkle-576x1024.jpg 576w, https:\/\/holzbausticher.ch\/wp-content\/uploads\/2025\/11\/Elias-Schelkle-169x300.jpg 169w, https:\/\/holzbausticher.ch\/wp-content\/uploads\/2025\/11\/Elias-Schelkle-768x1366.jpg 768w, https:\/\/holzbausticher.ch\/wp-content\/uploads\/2025\/11\/Elias-Schelkle-864x1536.jpg 864w, https:\/\/holzbausticher.ch\/wp-content\/uploads\/2025\/11\/Elias-Schelkle-1152x2048.jpg 1152w, https:\/\/holzbausticher.ch\/wp-content\/uploads\/2025\/11\/Elias-Schelkle-scaled.jpg 1439w\" sizes=\"auto, (max-width: 576px) 100vw, 576px\" \/><button\n\t\t\tclass=\"lightbox-trigger\"\n\t\t\ttype=\"button\"\n\t\t\taria-haspopup=\"dialog\"\n\t\t\taria-label=\"Vergr\u00f6\u00dfern\"\n\t\t\tdata-wp-init=\"callbacks.initTriggerButton\"\n\t\t\tdata-wp-on--click=\"actions.showLightbox\"\n\t\t\tdata-wp-style--right=\"state.imageButtonRight\"\n\t\t\tdata-wp-style--top=\"state.imageButtonTop\"\n\t\t>\n\t\t\t<svg xmlns=\"http:\/\/www.w3.org\/2000\/svg\" width=\"12\" height=\"12\" fill=\"none\" viewBox=\"0 0 12 12\">\n\t\t\t\t<path fill=\"#fff\" d=\"M2 0a2 2 0 0 0-2 2v2h1.5V2a.5.5 0 0 1 .5-.5h2V0H2Zm2 10.5H2a.5.5 0 0 1-.5-.5V8H0v2a2 2 0 0 0 2 2h2v-1.5ZM8 12v-1.5h2a.5.5 0 0 0 .5-.5V8H12v2a2 2 0 0 1-2 2H8Zm2-12a2 2 0 0 1 2 2v2h-1.5V2a.5.5 0 0 0-.5-.5H8V0h2Z\" \/>\n\t\t\t<\/svg>\n\t\t<\/button><figcaption class=\"wp-element-caption\">Elias S.<\/figcaption><\/figure>\n\n\n\n<figure data-wp-context=\"{&quot;imageId&quot;:&quot;69eb7ee101416&quot;}\" data-wp-interactive=\"core\/image\" data-wp-key=\"69eb7ee101416\" class=\"wp-block-image size-large wp-lightbox-container\"><img loading=\"lazy\" decoding=\"async\" width=\"576\" height=\"1024\" data-wp-class--hide=\"state.isContentHidden\" data-wp-class--show=\"state.isContentVisible\" data-wp-init=\"callbacks.setButtonStyles\" data-wp-on--click=\"actions.showLightbox\" data-wp-on--load=\"callbacks.setButtonStyles\" data-wp-on-window--resize=\"callbacks.setButtonStyles\" data-id=\"420\" src=\"https:\/\/holzbausticher.ch\/wp-content\/uploads\/2025\/11\/David-Petermann-1-576x1024.jpg\" alt=\"\" class=\"wp-image-420\" srcset=\"https:\/\/holzbausticher.ch\/wp-content\/uploads\/2025\/11\/David-Petermann-1-576x1024.jpg 576w, https:\/\/holzbausticher.ch\/wp-content\/uploads\/2025\/11\/David-Petermann-1-169x300.jpg 169w, https:\/\/holzbausticher.ch\/wp-content\/uploads\/2025\/11\/David-Petermann-1-768x1365.jpg 768w, https:\/\/holzbausticher.ch\/wp-content\/uploads\/2025\/11\/David-Petermann-1-864x1536.jpg 864w, https:\/\/holzbausticher.ch\/wp-content\/uploads\/2025\/11\/David-Petermann-1-1152x2048.jpg 1152w, https:\/\/holzbausticher.ch\/wp-content\/uploads\/2025\/11\/David-Petermann-1.jpg 1265w\" sizes=\"auto, (max-width: 576px) 100vw, 576px\" \/><button\n\t\t\tclass=\"lightbox-trigger\"\n\t\t\ttype=\"button\"\n\t\t\taria-haspopup=\"dialog\"\n\t\t\taria-label=\"Vergr\u00f6\u00dfern\"\n\t\t\tdata-wp-init=\"callbacks.initTriggerButton\"\n\t\t\tdata-wp-on--click=\"actions.showLightbox\"\n\t\t\tdata-wp-style--right=\"state.imageButtonRight\"\n\t\t\tdata-wp-style--top=\"state.imageButtonTop\"\n\t\t>\n\t\t\t<svg xmlns=\"http:\/\/www.w3.org\/2000\/svg\" width=\"12\" height=\"12\" fill=\"none\" viewBox=\"0 0 12 12\">\n\t\t\t\t<path fill=\"#fff\" d=\"M2 0a2 2 0 0 0-2 2v2h1.5V2a.5.5 0 0 1 .5-.5h2V0H2Zm2 10.5H2a.5.5 0 0 1-.5-.5V8H0v2a2 2 0 0 0 2 2h2v-1.5ZM8 12v-1.5h2a.5.5 0 0 0 .5-.5V8H12v2a2 2 0 0 1-2 2H8Zm2-12a2 2 0 0 1 2 2v2h-1.5V2a.5.5 0 0 0-.5-.5H8V0h2Z\" \/>\n\t\t\t<\/svg>\n\t\t<\/button><figcaption class=\"wp-element-caption\">David P., Lehrling<\/figcaption><\/figure>\n\n\n\n<figure data-wp-context=\"{&quot;imageId&quot;:&quot;69eb7ee101635&quot;}\" data-wp-interactive=\"core\/image\" data-wp-key=\"69eb7ee101635\" class=\"wp-block-image size-large wp-lightbox-container\"><img loading=\"lazy\" decoding=\"async\" width=\"576\" height=\"1024\" data-wp-class--hide=\"state.isContentHidden\" data-wp-class--show=\"state.isContentVisible\" data-wp-init=\"callbacks.setButtonStyles\" data-wp-on--click=\"actions.showLightbox\" data-wp-on--load=\"callbacks.setButtonStyles\" data-wp-on-window--resize=\"callbacks.setButtonStyles\" data-id=\"418\" src=\"https:\/\/holzbausticher.ch\/wp-content\/uploads\/2025\/11\/Samuel-Arber-576x1024.jpg\" alt=\"\" class=\"wp-image-418\" srcset=\"https:\/\/holzbausticher.ch\/wp-content\/uploads\/2025\/11\/Samuel-Arber-576x1024.jpg 576w, https:\/\/holzbausticher.ch\/wp-content\/uploads\/2025\/11\/Samuel-Arber-169x300.jpg 169w, https:\/\/holzbausticher.ch\/wp-content\/uploads\/2025\/11\/Samuel-Arber-768x1366.jpg 768w, https:\/\/holzbausticher.ch\/wp-content\/uploads\/2025\/11\/Samuel-Arber-864x1536.jpg 864w, https:\/\/holzbausticher.ch\/wp-content\/uploads\/2025\/11\/Samuel-Arber-1152x2048.jpg 1152w, https:\/\/holzbausticher.ch\/wp-content\/uploads\/2025\/11\/Samuel-Arber.jpg 1379w\" sizes=\"auto, (max-width: 576px) 100vw, 576px\" \/><button\n\t\t\tclass=\"lightbox-trigger\"\n\t\t\ttype=\"button\"\n\t\t\taria-haspopup=\"dialog\"\n\t\t\taria-label=\"Vergr\u00f6\u00dfern\"\n\t\t\tdata-wp-init=\"callbacks.initTriggerButton\"\n\t\t\tdata-wp-on--click=\"actions.showLightbox\"\n\t\t\tdata-wp-style--right=\"state.imageButtonRight\"\n\t\t\tdata-wp-style--top=\"state.imageButtonTop\"\n\t\t>\n\t\t\t<svg xmlns=\"http:\/\/www.w3.org\/2000\/svg\" width=\"12\" height=\"12\" fill=\"none\" viewBox=\"0 0 12 12\">\n\t\t\t\t<path fill=\"#fff\" d=\"M2 0a2 2 0 0 0-2 2v2h1.5V2a.5.5 0 0 1 .5-.5h2V0H2Zm2 10.5H2a.5.5 0 0 1-.5-.5V8H0v2a2 2 0 0 0 2 2h2v-1.5ZM8 12v-1.5h2a.5.5 0 0 0 .5-.5V8H12v2a2 2 0 0 1-2 2H8Zm2-12a2 2 0 0 1 2 2v2h-1.5V2a.5.5 0 0 0-.5-.5H8V0h2Z\" \/>\n\t\t\t<\/svg>\n\t\t<\/button><figcaption class=\"wp-element-caption\">Samuel A.<\/figcaption><\/figure>\n<\/figure>\n","protected":false},"excerpt":{"rendered":"<div class=\"entry-summary\">\nWir sind ein solides, wachsendes Kleinunternehmen mit motivierten Mitarbeitern.Getreu unserem Credo sind&hellip;\n<\/div>\n<div class=\"link-more\"><a href=\"https:\/\/holzbausticher.ch\/?page_id=11\" class=\"more-link\">Continue reading<span class=\"screen-reader-text\"> &ldquo;\u00dcber uns&rdquo;<\/span>&hellip;<\/a><\/div>\n","protected":false},"author":1,"featured_media":0,"parent":0,"menu_order":-9,"comment_status":"closed","ping_status":"closed","template":"","meta":{"footnotes":""},"class_list":["post-11","page","type-page","status-publish","hentry","entry"],"_links":{"self":[{"href":"https:\/\/holzbausticher.ch\/index.php?rest_route=\/wp\/v2\/pages\/11","targetHints":{"allow":["GET"]}}],"collection":[{"href":"https:\/\/holzbausticher.ch\/index.php?rest_route=\/wp\/v2\/pages"}],"about":[{"href":"https:\/\/holzbausticher.ch\/index.php?rest_route=\/wp\/v2\/types\/page"}],"author":[{"embeddable":true,"href":"https:\/\/holzbausticher.ch\/index.php?rest_route=\/wp\/v2\/users\/1"}],"replies":[{"embeddable":true,"href":"https:\/\/holzbausticher.ch\/index.php?rest_route=%2Fwp%2Fv2%2Fcomments&post=11"}],"version-history":[{"count":23,"href":"https:\/\/holzbausticher.ch\/index.php?rest_route=\/wp\/v2\/pages\/11\/revisions"}],"predecessor-version":[{"id":475,"href":"https:\/\/holzbausticher.ch\/index.php?rest_route=\/wp\/v2\/pages\/11\/revisions\/475"}],"wp:attachment":[{"href":"https:\/\/holzbausticher.ch\/index.php?rest_route=%2Fwp%2Fv2%2Fmedia&parent=11"}],"curies":[{"name":"wp","href":"https:\/\/api.w.org\/{rel}","templated":true}]}}